{"id":1893,"date":"2017-08-02T13:54:25","date_gmt":"2017-08-02T11:54:25","guid":{"rendered":"http:\/\/diagnostikum-oschatz.de\/de\/?page_id=1893"},"modified":"2022-11-01T15:14:25","modified_gmt":"2022-11-01T14:14:25","slug":"innere-medizin-veranstaltungen","status":"publish","type":"page","link":"https:\/\/diagnostikum-oschatz.de\/de\/index.php\/innere-medizin-veranstaltungen\/","title":{"rendered":"Innere Medizin \u2014 Veranstaltungen"},"content":{"rendered":"<p><\/p><div class=\"fusion-bg-parallax\" data-bg-align=\"center top\" data-direction=\"up\" data-mute=\"false\" data-opacity=\"100\" data-velocity=\"-0.4\" data-mobile-enabled=\"false\" data-break_parents=\"0\" data-bg-image=\"https:\/\/diagnostikum-oschatz.de\/de\/wp-content\/uploads\/2017\/08\/header_veranstaltungen.jpg\" data-bg-repeat=\"false\"><\/div><div class=\"fusion-fullwidth fullwidth-box fusion-builder-row-1 fusion-parallax-up nonhundred-percent-fullwidth non-hundred-percent-height-scrolling\" style=\"--awb-background-position:center top;--awb-border-sizes-top:0px;--awb-border-sizes-bottom:0px;--awb-border-sizes-left:0px;--awb-border-sizes-right:0px;--awb-border-radius-top-left:0px;--awb-border-radius-top-right:0px;--awb-border-radius-bottom-right:0px;--awb-border-radius-bottom-left:0px;--awb-padding-top:10%;--awb-padding-right:5%;--awb-padding-bottom:10%;--awb-padding-left:5%;--awb-background-image:url(&quot;https:\/\/diagnostikum-oschatz.de\/de\/wp-content\/uploads\/2017\/08\/header_veranstaltungen.jpg&quot;);--awb-background-size:cover;--awb-flex-wrap:wrap;\"><div class=\"fusion-builder-row fusion-row\"><div class=\"fusion-layout-column fusion_builder_column fusion-builder-column-0 fusion_builder_column_1_1 1_1 fusion-one-full fusion-column-first fusion-column-last fusion-column-no-min-height\" style=\"--awb-padding-top:100px;--awb-bg-size:cover;\"><div class=\"fusion-column-wrapper fusion-flex-column-wrapper-legacy\"><div class=\"fusion-text fusion-text-1\"><h1 style=\"text-align: center;\"><span style=\"color: #ffffff;\">Veranstaltungen<\/span><\/h1>\n<p style=\"font-size: 26px; line-height: 36px; text-align: center;\"><span style=\"color: #ffffff;\">Pra\u00adxis Inne\u00adre Medizin<\/span><\/p>\n<\/div><div class=\"fusion-sep-clear\"><\/div><div class=\"fusion-separator fusion-full-width-sep\" style=\"margin-left: auto;margin-right: auto;margin-top:10px;margin-bottom:10px;width:100%;\"><\/div><div class=\"fusion-sep-clear\"><\/div><div class=\"fusion-clearfix\"><\/div><\/div><\/div><\/div><\/div><div class=\"fusion-fullwidth fullwidth-box fusion-builder-row-2 nonhundred-percent-fullwidth non-hundred-percent-height-scrolling\" style=\"--awb-border-sizes-top:0px;--awb-border-sizes-bottom:0px;--awb-border-sizes-left:0px;--awb-border-sizes-right:0px;--awb-border-radius-top-left:0px;--awb-border-radius-top-right:0px;--awb-border-radius-bottom-right:0px;--awb-border-radius-bottom-left:0px;--awb-padding-top:100px;--awb-padding-bottom:60px;--awb-background-color:#ffffff;--awb-flex-wrap:wrap;\"><div class=\"fusion-builder-row fusion-row\"><div class=\"fusion-layout-column fusion_builder_column fusion-builder-column-1 fusion_builder_column_1_6 1_6 fusion-one-sixth fusion-column-first fusion-no-small-visibility\" style=\"--awb-bg-size:cover;width:13.3333%; margin-right: 4%;\"><div class=\"fusion-column-wrapper fusion-flex-column-wrapper-legacy\"><div class=\"fusion-sep-clear\"><\/div><div class=\"fusion-separator fusion-full-width-sep\" style=\"margin-left: auto;margin-right: auto;width:100%;\"><\/div><div class=\"fusion-sep-clear\"><\/div><div class=\"fusion-clearfix\"><\/div><\/div><\/div><div class=\"fusion-layout-column fusion_builder_column fusion-builder-column-2 fusion_builder_column_2_3 2_3 fusion-two-third\" style=\"--awb-bg-size:cover;width:65.3333%; margin-right: 4%;\"><div class=\"fusion-column-wrapper fusion-flex-column-wrapper-legacy\"><div class=\"fusion-image-element fusion-image-align-center in-legacy-container\" style=\"text-align:center;--awb-caption-title-font-family:var(--h2_typography-font-family);--awb-caption-title-font-weight:var(--h2_typography-font-weight);--awb-caption-title-font-style:var(--h2_typography-font-style);--awb-caption-title-size:var(--h2_typography-font-size);--awb-caption-title-transform:var(--h2_typography-text-transform);--awb-caption-title-line-height:var(--h2_typography-line-height);--awb-caption-title-letter-spacing:var(--h2_typography-letter-spacing);\"><div class=\"imageframe-align-center\"><span class=\" fusion-imageframe imageframe-none imageframe-1 hover-type-none\"><img decoding=\"async\" width=\"80\" height=\"80\" src=\"https:\/\/diagnostikum-oschatz.de\/de\/wp-content\/uploads\/2015\/12\/icon_01.png\" alt class=\"img-responsive wp-image-949\" srcset=\"https:\/\/diagnostikum-oschatz.de\/de\/wp-content\/uploads\/2015\/12\/icon_01-66x66.png 66w, https:\/\/diagnostikum-oschatz.de\/de\/wp-content\/uploads\/2015\/12\/icon_01.png 80w\" sizes=\"(max-width: 80px) 100vw, 80px\"><\/span><\/div><\/div><div class=\"fusion-sep-clear\"><\/div><div class=\"fusion-separator fusion-full-width-sep\" style=\"margin-left: auto;margin-right: auto;margin-top:20px;width:100%;\"><\/div><div class=\"fusion-sep-clear\"><\/div><div class=\"fusion-text fusion-text-2\"><h2 style=\"text-align: center;\"><span class=\"caps\">UNSER<\/span> <span class=\"caps\">VERANSTALTUNGSKALENDER<\/span><\/h2>\n<\/div><div class=\"fusion-sep-clear\"><\/div><div class=\"fusion-separator\" style=\"margin-left: auto;margin-right: auto;margin-top:0px;margin-bottom:30px;width:100%;max-width:280px;\"><div class=\"fusion-separator-border sep-single sep-solid\" style=\"--awb-height:20px;--awb-amount:20px;--awb-sep-color:#d1d1d1;border-color:#d1d1d1;border-top-width:2px;\"><\/div><\/div><div class=\"fusion-sep-clear\"><\/div><div class=\"fusion-text fusion-text-3\"><h3 style=\"text-align: center;\">F\u00fcr \u00c4rzte f\u00fchren wir zusammen mit der Praxis Dipl.-Med. Anne-Kathrin Schmidt, Oschatz die Fortbildungsveranstaltung <a href=\"http:\/\/www.innerestandards.de\" target=\"_blank\" rel=\"noopener\"><strong>\u00bb<span class=\"caps\">INNERE<\/span> <span class=\"caps\">STANDARDS<\/span><\/strong><\/a> durch. Im Fr\u00fchjahr und im Herbst treffen sich \u00c4rzte aus der Region aus Niederlassung und Kliniken zum Besprechen bestimmter h\u00e4ufiger Krankheitsbilder.<\/h3>\n<h3 style=\"text-align: center;\">F\u00fcr Patienten und Interessierte f\u00fchren wir allj\u00e4hrlich im Herbst eine Veranstaltung zum Thema Herzerkrankungen unter der Schirmherrschaft der <strong>\u00bb<\/strong><a href=\"http:\/\/www.herzstiftung.de\/\" target=\"_blank\" rel=\"noopener\"><strong><span class=\"caps\">DEUTSCHEN<\/span> <span class=\"caps\">HERZSTIFTUNG<\/span><\/strong><\/a> durch. Termine erfahren Sie aus der \u00f6rtlichen Presse, von Aush\u00e4ngen und gern auch in unserer Praxis.<\/h3>\n<\/div><div class=\"fusion-clearfix\"><\/div><\/div><\/div><div class=\"fusion-layout-column fusion_builder_column fusion-builder-column-3 fusion_builder_column_1_6 1_6 fusion-one-sixth fusion-column-last fusion-no-small-visibility\" style=\"--awb-padding-top:100px;--awb-bg-size:cover;width:13.3333%;\"><div class=\"fusion-column-wrapper fusion-flex-column-wrapper-legacy\"><div class=\"fusion-sep-clear\"><\/div><div class=\"fusion-separator fusion-full-width-sep\" style=\"margin-left: auto;margin-right: auto;width:100%;\"><\/div><div class=\"fusion-sep-clear\"><\/div><div class=\"fusion-clearfix\"><\/div><\/div><\/div><\/div><\/div><div id=\"ueberuns-td\" class=\"fusion-container-anchor\"><div class=\"fusion-fullwidth fullwidth-box fusion-builder-row-3 hundred-percent-fullwidth non-hundred-percent-height-scrolling fusion-equal-height-columns\" style=\"--awb-background-position:left top;--awb-border-sizes-top:0px;--awb-border-sizes-bottom:0px;--awb-border-sizes-left:0px;--awb-border-sizes-right:0px;--awb-border-radius-top-left:0px;--awb-border-radius-top-right:0px;--awb-border-radius-bottom-right:0px;--awb-border-radius-bottom-left:0px;--awb-padding-top:5px;--awb-padding-right:0px;--awb-padding-bottom:0px;--awb-padding-left:0px;--awb-background-color:#f4f4f4;--awb-flex-wrap:wrap;\"><div class=\"fusion-builder-row fusion-row\"><div class=\"fusion-layout-column fusion_builder_column fusion-builder-column-4 fusion_builder_column_1_1 1_1 fusion-one-full fusion-column-first fusion-column-last\" style=\"--awb-padding-top:5%;--awb-padding-right:15%;--awb-padding-bottom:5%;--awb-padding-left:15%;--awb-bg-size:cover;--awb-margin-bottom:0px;\"><div class=\"fusion-column-wrapper fusion-flex-column-wrapper-legacy\"><div class=\"fusion-content-boxes content-boxes columns row fusion-columns-1 fusion-columns-total-1 fusion-content-boxes-1 content-boxes-timeline-horizontal content-left content-boxes-icon-on-top content-boxes-timeline-layout fusion-delayed-animation\" style=\"--awb-title-color:#f44336;--awb-hover-accent-color:#a0ce4e;--awb-circle-hover-accent-color:#a0ce4e;--awb-item-margin-bottom:40px;\" data-animation-delay=\"350\" data-animationoffset=\"top-into-view\"><div style=\"--awb-backgroundcolor:rgba(255,255,255,0);\" class=\"fusion-column content-box-column content-box-column content-box-column-1 col-lg-12 col-md-12 col-sm-12 fusion-content-box-hover content-box-column-last content-box-column-last-in-row\"><div class=\"col content-box-wrapper content-wrapper link-area-link-icon link-type-text content-icon-wrapper-yes icon-hover-animation-fade fusion-animated\" data-animationtype=\"fadeIn\" data-animationduration=\"0.25\" data-animationoffset=\"top-into-view\"><div class=\"heading heading-with-icon icon-left\"><a class=\"heading-link\" href=\"http:\/\/www.herzstiftung.de\" target=\"_blank\" rel=\"noopener noreferrer\"><div aria-hidden=\"true\" class=\"image\"><img decoding=\"async\" src=\"https:\/\/diagnostikum-oschatz.de\/de\/wp-content\/uploads\/2017\/08\/infobild_veranstaltungen_03-1.jpg\" width=\"300\" height=\"289.17\" alt><\/div><h2 class=\"content-box-heading fusion-responsive-typography-calculated\" style=\"--h2_typography-font-size:22px;--fontSize:22;line-height:1.25;\">15. <span class=\"caps\">NOVEMBER<\/span> 2017<\/h2><\/a><\/div><div class=\"fusion-clearfix\"><\/div><div class=\"content-container\">\n<h3><strong><span class=\"caps\">DAS<\/span> <span class=\"caps\">SCHWACHE<\/span> <span class=\"caps\">HERZ<\/span><\/strong><\/h3>\n<p>Wei\u00adte\u00adre Infor\u00adma\u00adtio\u00adnen unter&nbsp;<a href=\"http:\/\/www.herzstiftung.de\/\" target=\"_blank\" rel=\"noopener\">www.herzstiftung.de<br>\n<\/a>oder <a href=\"https:\/\/diagnostikum-oschatz.de\/de\/downloads\/herzmonat.pdf\" target=\"_blank\" rel=\"noopener\">hier Fly\u00ader downloaden.<\/a><\/p>\n<\/div><div class=\"fusion-clearfix\"><\/div><a class=\" fusion-read-more\" href=\"http:\/\/www.herzstiftung.de\" target=\"_blank\" rel=\"noopener noreferrer\"><b>mehr lesen<\/b><\/a><div class=\"fusion-clearfix\"><\/div><\/div><\/div><div class=\"fusion-clearfix\"><\/div><\/div><div class=\"fusion-clearfix\"><\/div><\/div><\/div><\/div><\/div><\/div><div class=\"fusion-fullwidth fullwidth-box fusion-builder-row-4 nonhundred-percent-fullwidth non-hundred-percent-height-scrolling\" style=\"--awb-border-radius-top-left:0px;--awb-border-radius-top-right:0px;--awb-border-radius-bottom-right:0px;--awb-border-radius-bottom-left:0px;--awb-padding-top:150px;--awb-padding-bottom:50px;--awb-flex-wrap:wrap;\"><div class=\"fusion-builder-row fusion-row\"><div class=\"fusion-layout-column fusion_builder_column fusion-builder-column-5 fusion_builder_column_1_1 1_1 fusion-one-full fusion-column-first fusion-column-last\" style=\"--awb-bg-blend:overlay;--awb-bg-size:cover;\"><div class=\"fusion-column-wrapper fusion-flex-column-wrapper-legacy\"><div class=\"fusion-menu-anchor\" id=\"oeffnungszeiten-td\"><\/div><div class=\"fusion-clearfix\"><\/div><\/div><\/div><div class=\"fusion-layout-column fusion_builder_column fusion-builder-column-6 fusion_builder_column_2_5 2_5 fusion-two-fifth fusion-column-first\" style=\"--awb-bg-blend:overlay;--awb-bg-size:cover;width:40%;width:calc(40% - ( ( 4% + 4% ) * 0.4 ) );margin-right: 4%;\"><div class=\"fusion-column-wrapper fusion-flex-column-wrapper-legacy\"><h4 class=\"widget-title roberth\"><span class=\"caps\">ANFAHRT<\/span><\/h4><div class=\"fusion-sep-clear\"><\/div><div class=\"fusion-separator fusion-clearfix\" style=\"float:left;margin-top:10px;margin-bottom:25px;width:100%;max-width:25%;\"><div class=\"fusion-separator-border sep-single sep-solid\" style=\"--awb-height:20px;--awb-amount:20px;--awb-sep-color:#8bc34a;border-color:#8bc34a;border-top-width:2px;\"><\/div><\/div><div class=\"fusion-sep-clear\"><\/div><div id=\"wpgmza_map_2\" class=\"wpgmza_map wpgmza-auto-left\" style=\"display:block;width:100%;height:250px;overflow:hidden;position:relative;\" data-map-id=\"2\" data-maps-engine=\"open-layers\" data-build-engine=\"atlas-novus\" data-shortcode-attributes=\"{&quot;id&quot;:&quot;2&quot;,&quot;zoom&quot;:false,&quot;width&quot;:false,&quot;height&quot;:false,&quot;marker&quot;:false,&quot;classname&quot;:false,&quot;mashup&quot;:false,&quot;mashup_ids&quot;:false,&quot;cat&quot;:false,&quot;type&quot;:&quot;default&quot;,&quot;parent_id&quot;:false,&quot;lat&quot;:false,&quot;lng&quot;:false,&quot;mark_center&quot;:false,&quot;enable_category&quot;:false,&quot;directions_from&quot;:false,&quot;directions_to&quot;:false,&quot;directions_waypoints&quot;:false,&quot;directions_auto&quot;:false,&quot;disable_vgm_form&quot;:false,&quot;redirect_to&quot;:false}\" data-settings=\"{&quot;map_title&quot;:&quot;Footer small&quot;,&quot;map_width&quot;:&quot;100&quot;,&quot;map_height&quot;:&quot;250&quot;,&quot;map_start_lat&quot;:&quot;51.2999404&quot;,&quot;map_start_lng&quot;:&quot;13.1125161&quot;,&quot;map_start_location&quot;:&quot;45.950464398418106,-109.81550500000003&quot;,&quot;map_start_zoom&quot;:&quot;16&quot;,&quot;default_marker&quot;:&quot;&quot;,&quot;type&quot;:&quot;0&quot;,&quot;alignment&quot;:&quot;4&quot;,&quot;directions_enabled&quot;:&quot;0&quot;,&quot;styling_enabled&quot;:&quot;0&quot;,&quot;styling_json&quot;:&quot;&quot;,&quot;active&quot;:&quot;0&quot;,&quot;kml&quot;:&quot;&quot;,&quot;bicycle&quot;:&quot;0&quot;,&quot;traffic&quot;:&quot;0&quot;,&quot;dbox&quot;:&quot;1&quot;,&quot;dbox_width&quot;:&quot;&quot;,&quot;listmarkers&quot;:&quot;0&quot;,&quot;listmarkers_advanced&quot;:&quot;0&quot;,&quot;filterbycat&quot;:&quot;0&quot;,&quot;ugm_enabled&quot;:&quot;0&quot;,&quot;ugm_category_enabled&quot;:&quot;0&quot;,&quot;fusion&quot;:&quot;&quot;,&quot;map_width_type&quot;:&quot;%&quot;,&quot;map_height_type&quot;:&quot;px&quot;,&quot;mass_marker_support&quot;:&quot;0&quot;,&quot;ugm_access&quot;:&quot;0&quot;,&quot;order_markers_by&quot;:&quot;1&quot;,&quot;order_markers_choice&quot;:&quot;1&quot;,&quot;show_user_location&quot;:&quot;0&quot;,&quot;default_to&quot;:&quot;&quot;,&quot;map_type&quot;:1,&quot;sl_stroke_color&quot;:&quot;#ff0000&quot;,&quot;sl_fill_color&quot;:&quot;#ff0000&quot;,&quot;sl_stroke_opacity&quot;:&quot;1&quot;,&quot;sl_fill_opacity&quot;:&quot;0.5&quot;,&quot;transport_layer&quot;:false,&quot;action&quot;:&quot;wpgmza_save_map&quot;,&quot;redirect_to&quot;:&quot;\\\/de\\\/wp-admin\\\/admin-post.php&quot;,&quot;map_id&quot;:&quot;2&quot;,&quot;wpgmza_savemap&quot;:&quot;Karte speichern&quot;,&quot;http_referer&quot;:&quot;\\\/de\\\/wp-admin\\\/admin.php?page=wp-google-maps-menu&amp;amp;action=edit&amp;amp;map_id=1&quot;,&quot;wpgmza_id&quot;:&quot;1&quot;,&quot;wpgmza_start_location&quot;:&quot;51.2999404,13.1125161&quot;,&quot;wpgmza_start_zoom&quot;:&quot;17&quot;,&quot;wpgmza_map_align&quot;:&quot;1&quot;,&quot;store_locator_enabled&quot;:false,&quot;store_locator_distance&quot;:false,&quot;store_locator_search_area&quot;:&quot;radial&quot;,&quot;wpgmza_store_locator_default_radius&quot;:&quot;10&quot;,&quot;store_locator_auto_area_max_zoom&quot;:&quot;&quot;,&quot;wpgmza_store_locator_radius_style&quot;:&quot;legacy&quot;,&quot;store_locator_component_anchor&quot;:&quot;0&quot;,&quot;wpgmza_store_locator_bounce&quot;:false,&quot;upload_default_sl_marker&quot;:&quot;&quot;,&quot;upload_default_sl_marker_retina&quot;:false,&quot;wpgmza_sl_animation&quot;:&quot;0&quot;,&quot;store_locator_query_string&quot;:&quot;&quot;,&quot;store_locator_location_placeholder&quot;:&quot;&quot;,&quot;store_locator_default_address&quot;:&quot;&quot;,&quot;store_locator_name_search&quot;:false,&quot;store_locator_name_string&quot;:&quot;&quot;,&quot;store_locator_not_found_message&quot;:&quot;&quot;,&quot;wpgmza_store_locator_restrict&quot;:&quot;&quot;,&quot;store_locator_show_distance&quot;:false,&quot;store_locator_category&quot;:false,&quot;wpgmza_store_locator_use_their_location&quot;:false,&quot;wpgmza_store_locator_hide_before_search&quot;:false,&quot;store_locator_nearby_searches&quot;:false,&quot;directions_box_component_anchor&quot;:&quot;1&quot;,&quot;wpgmza_dbox_width_type&quot;:&quot;%&quot;,&quot;default_from&quot;:&quot;&quot;,&quot;directions_behaviour&quot;:&quot;default&quot;,&quot;force_google_directions_app&quot;:false,&quot;directions_route_origin_icon&quot;:&quot;https:\\\/\\\/diagnostikum-oschatz.de\\\/de\\\/wp-content\\\/plugins\\\/wp-google-maps\\\/images\\\/spotlight-poi2.png&quot;,&quot;directions_origin_retina&quot;:false,&quot;directions_route_destination_icon&quot;:&quot;https:\\\/\\\/diagnostikum-oschatz.de\\\/de\\\/wp-content\\\/plugins\\\/wp-google-maps\\\/images\\\/spotlight-poi2.png&quot;,&quot;directions_destination_retina&quot;:false,&quot;directions_route_stroke_color&quot;:&quot;#4d8df5&quot;,&quot;directions_route_stroke_weight&quot;:&quot;4&quot;,&quot;directions_route_stroke_opacity&quot;:&quot;0.8&quot;,&quot;directions_fit_bounds_to_route&quot;:false,&quot;wpgmza_ol_tile_filter&quot;:&quot;grayscale(100%)&quot;,&quot;wpgmza_theme_data&quot;:&quot;&quot;,&quot;custom_tile_enabled&quot;:false,&quot;custom_tile_image&quot;:&quot;&quot;,&quot;custom_tile_image_width&quot;:&quot;&quot;,&quot;custom_tile_image_height&quot;:&quot;&quot;,&quot;custom_tile_image_attribution&quot;:&quot;&quot;,&quot;iw_primary_color&quot;:&quot;#000000&quot;,&quot;iw_accent_color&quot;:&quot;#000000&quot;,&quot;iw_text_color&quot;:&quot;#000000&quot;,&quot;close_infowindow_on_map_click&quot;:false,&quot;marker_share_links&quot;:false,&quot;wpgmza_listmarkers_by&quot;:&quot;0&quot;,&quot;marker_listing_component_anchor&quot;:&quot;1&quot;,&quot;marker_listing_component_auto_open&quot;:false,&quot;dataTable_pagination_style&quot;:&quot;default&quot;,&quot;category_filter_component_anchor&quot;:&quot;0&quot;,&quot;zoom_level_on_marker_listing_override&quot;:false,&quot;zoom_level_on_marker_listing_click&quot;:&quot;&quot;,&quot;marker_listing_disable_zoom&quot;:false,&quot;datatable_no_result_message&quot;:&quot;&quot;,&quot;remove_search_box_datables&quot;:false,&quot;datatable_search_string&quot;:&quot;&quot;,&quot;datatable_result_start&quot;:&quot;&quot;,&quot;datatable_result_of&quot;:&quot;&quot;,&quot;datatable_result_to&quot;:&quot;&quot;,&quot;datatable_result_total&quot;:&quot;&quot;,&quot;datatable_result_show&quot;:&quot;&quot;,&quot;datatable_result_entries&quot;:&quot;&quot;,&quot;category_legends_enabled&quot;:false,&quot;category_legends_component_anchor&quot;:&quot;8&quot;,&quot;jump_to_nearest_marker_on_initialization&quot;:false,&quot;click_open_link&quot;:false,&quot;wpgmza_zoom_on_marker_click&quot;:false,&quot;wpgmza_zoom_on_marker_click_slider&quot;:&quot;&quot;,&quot;polygon_labels&quot;:false,&quot;disable_polygon_info_windows&quot;:false,&quot;fit_maps_bounds_to_markers&quot;:false,&quot;fit_maps_bounds_to_markers_after_filtering&quot;:false,&quot;upload_default_ul_marker&quot;:&quot;&quot;,&quot;upload_default_ul_marker_retina&quot;:false,&quot;automatically_pan_to_users_location&quot;:false,&quot;override_users_location_zoom_level&quot;:false,&quot;override_users_location_zoom_levels&quot;:&quot;&quot;,&quot;show_distance_from_location&quot;:false,&quot;map_starts_in_streetview&quot;:false,&quot;map_starts_in_streetview_location&quot;:&quot;&quot;,&quot;map_starts_in_streetview_heading&quot;:&quot;&quot;,&quot;map_starts_in_streetview_pitch&quot;:&quot;&quot;,&quot;map_max_zoom&quot;:&quot;21&quot;,&quot;map_min_zoom&quot;:&quot;0&quot;,&quot;hide_point_of_interest&quot;:false,&quot;retina&quot;:false,&quot;disable_lightbox_images&quot;:false,&quot;use_Raw_Jpeg_Coordinates&quot;:false,&quot;enable_advanced_custom_fields_integration&quot;:false,&quot;enable_toolset_woocommerce_integration&quot;:false,&quot;enable_woo_product_integration&quot;:false,&quot;only_load_markers_within_viewport&quot;:false,&quot;id&quot;:2}\"><\/div><div class=\"fusion-clearfix\"><\/div><\/div><\/div><div class=\"fusion-layout-column fusion_builder_column fusion-builder-column-7 fusion_builder_column_1_4 1_4 fusion-one-fourth\" style=\"--awb-bg-blend:overlay;--awb-bg-size:cover;width:25%;width:calc(25% - ( ( 4% + 4% ) * 0.25 ) );margin-right: 4%;\"><div class=\"fusion-column-wrapper fusion-flex-column-wrapper-legacy\"><h4 class=\"widget-title roberth\"><span class=\"caps\">KONTAKT<\/span><\/h4><div class=\"fusion-sep-clear\"><\/div><div class=\"fusion-separator fusion-clearfix\" style=\"float:left;margin-top:10px;margin-bottom:25px;width:100%;max-width:25%;\"><div class=\"fusion-separator-border sep-single sep-solid\" style=\"--awb-height:20px;--awb-amount:20px;--awb-sep-color:#8bc34a;border-color:#8bc34a;border-top-width:2px;\"><\/div><\/div><div class=\"fusion-sep-clear\"><\/div><ul style=\"--awb-size:18px;--awb-iconcolor:#8bc34a;--awb-line-height:30.6px;--awb-icon-width:30.6px;--awb-icon-height:30.6px;--awb-icon-margin:12.6px;--awb-content-margin:43.2px;\" class=\"fusion-checklist fusion-checklist-1 fusion-checklist-default type-icons\"><li class=\"fusion-li-item\" style><span class=\"icon-wrapper circle-no\"><i class=\"fusion-li-icon fa fa-map-marker\" aria-hidden=\"true\"><\/i><\/span><div class=\"fusion-li-item-content\">\n<p>Dia\u00adgnos\u00adti\u00adkum Oschatz<br>\nPro\u00adme\u00adna\u00adde 14 b\u2011c<br>\n04758 Oschatz<\/p>\n<\/div><\/li><li class=\"fusion-li-item\" style><span class=\"icon-wrapper circle-no\"><i class=\"fusion-li-icon fa fa-phone\" aria-hidden=\"true\"><\/i><\/span><div class=\"fusion-li-item-content\">\n<p>Tele\u00adfon: 034 35 \u2014 987 58&nbsp;80<br>\nFax: 034 35 \u2014 987 588&nbsp;29<\/p>\n<\/div><\/li><li class=\"fusion-li-item\" style><span class=\"icon-wrapper circle-no\"><i class=\"fusion-li-icon fa fa-paper-plane\" aria-hidden=\"true\"><\/i><\/span><div class=\"fusion-li-item-content\">\n<p>E\u2011Mail: info@herz-oschatz.de<br>\nWeb: www.herz-oschatz.de<\/p>\n<\/div><\/li><\/ul><div class=\"fusion-clearfix\"><\/div><\/div><\/div><div class=\"fusion-layout-column fusion_builder_column fusion-builder-column-8 fusion_builder_column_1_3 1_3 fusion-one-third fusion-column-last\" style=\"--awb-bg-blend:overlay;--awb-bg-size:cover;width:33.3333333333%;width:calc(33.3333333333% - ( ( 4% + 4% ) * 0.333333333333 ) );\"><div class=\"fusion-column-wrapper fusion-flex-column-wrapper-legacy\"><h4 class=\"widget-title roberth\"><span class=\"caps\">SPRECHZEITEN<\/span><\/h4><div class=\"fusion-sep-clear\"><\/div><div class=\"fusion-separator fusion-clearfix\" style=\"float:left;margin-top:10px;margin-bottom:25px;width:100%;max-width:25%;\"><div class=\"fusion-separator-border sep-single sep-solid\" style=\"--awb-height:20px;--awb-amount:20px;--awb-sep-color:#8bc34a;border-color:#8bc34a;border-top-width:2px;\"><\/div><\/div><div class=\"fusion-sep-clear\"><\/div><ul style=\"--awb-size:18px;--awb-iconcolor:#8bc34a;--awb-line-height:30.6px;--awb-icon-width:30.6px;--awb-icon-height:30.6px;--awb-icon-margin:12.6px;--awb-content-margin:43.2px;\" class=\"fusion-checklist fusion-checklist-2 fusion-checklist-default type-icons\"><li class=\"fusion-li-item\" style><span class=\"icon-wrapper circle-no\"><i class=\"fusion-li-icon fa fa-calendar-check-o\" aria-hidden=\"true\"><\/i><\/span><div class=\"fusion-li-item-content\">\n<p>Heu\u00adte ist <span class=\"caps\">MITTWOCH<\/span>&nbsp;<\/p><\/div><\/li><\/ul><div class=\"fusion-sep-clear\"><\/div><div class=\"fusion-separator fusion-full-width-sep\" style=\"margin-left: auto;margin-right: auto;margin-bottom:5px;width:100%;\"><\/div><div class=\"fusion-sep-clear\"><\/div><ul style=\"--awb-size:18px;--awb-iconcolor:#8bc34a;--awb-line-height:30.6px;--awb-icon-width:30.6px;--awb-icon-height:30.6px;--awb-icon-margin:12.6px;--awb-content-margin:43.2px;\" class=\"fusion-checklist fusion-checklist-3 fusion-checklist-default type-icons\"><li class=\"fusion-li-item\" style><span class=\"icon-wrapper circle-no\"><i class=\"fusion-li-icon fa fa-clock-o\" aria-hidden=\"true\"><\/i><\/span><div class=\"fusion-li-item-content\">\nMo: 08.00 \u2013 13.00 + 14.00 \u2013 17.00&nbsp;Uhr<br>\n\tDi: 08.00 \u2013 13.00 + 14.00 \u2013 17.00&nbsp;Uhr<br>\n\tMi: 08.00 \u2013 13.00&nbsp;Uhr<br>\n\tDo: 08.00 \u2013 13.00 + 14.00 \u2013 17.00&nbsp;Uhr<br>\n\tFr: 08.00 \u2013 13.00 + Privatsprechstunde<br>\n\tSa, So und Fei\u00ader\u00adtags geschlossen&nbsp;<\/div><\/li><\/ul><div class=\"fusion-clearfix\"><\/div><\/div><\/div><div class=\"fusion-layout-column fusion_builder_column fusion-builder-column-9 fusion_builder_column_1_1 1_1 fusion-one-full fusion-column-first fusion-column-last\" style=\"--awb-bg-blend:overlay;--awb-bg-size:cover;\"><div class=\"fusion-column-wrapper fusion-flex-column-wrapper-legacy\"><div class=\"fusion-sep-clear\"><\/div><div class=\"fusion-separator fusion-full-width-sep\" style=\"margin-left: auto;margin-right: auto;margin-top:10px;margin-bottom:10px;width:100%;\"><\/div><div class=\"fusion-sep-clear\"><\/div><div class=\"fusion-clearfix\"><\/div><\/div><\/div><\/div><\/div>\n\n","protected":false},"excerpt":{"rendered":"","protected":false},"author":1,"featured_media":0,"parent":0,"menu_order":0,"comment_status":"closed","ping_status":"closed","template":"100-width.php","meta":{"wp_typography_post_enhancements_disabled":false,"footnotes":""},"class_list":["post-1893","page","type-page","status-publish","hentry"],"_links":{"self":[{"href":"https:\/\/diagnostikum-oschatz.de\/de\/index.php\/wp-json\/wp\/v2\/pages\/1893","targetHints":{"allow":["GET"]}}],"collection":[{"href":"https:\/\/diagnostikum-oschatz.de\/de\/index.php\/wp-json\/wp\/v2\/pages"}],"about":[{"href":"https:\/\/diagnostikum-oschatz.de\/de\/index.php\/wp-json\/wp\/v2\/types\/page"}],"author":[{"embeddable":true,"href":"https:\/\/diagnostikum-oschatz.de\/de\/index.php\/wp-json\/wp\/v2\/users\/1"}],"replies":[{"embeddable":true,"href":"https:\/\/diagnostikum-oschatz.de\/de\/index.php\/wp-json\/wp\/v2\/comments?post=1893"}],"version-history":[{"count":0,"href":"https:\/\/diagnostikum-oschatz.de\/de\/index.php\/wp-json\/wp\/v2\/pages\/1893\/revisions"}],"wp:attachment":[{"href":"https:\/\/diagnostikum-oschatz.de\/de\/index.php\/wp-json\/wp\/v2\/media?parent=1893"}],"curies":[{"name":"wp","href":"https:\/\/api.w.org\/{rel}","templated":true}]}}